{"id":375,"date":"2024-04-08T08:12:06","date_gmt":"2024-04-08T06:12:06","guid":{"rendered":"https:\/\/clinicaantoniohita.es\/?page_id=375"},"modified":"2026-03-16T12:27:48","modified_gmt":"2026-03-16T11:27:48","slug":"blog","status":"publish","type":"page","link":"https:\/\/clinicaantoniohita.es\/en\/blog\/","title":{"rendered":"Blog"},"content":{"rendered":"<div data-elementor-type=\"wp-page\" data-elementor-id=\"375\" class=\"elementor elementor-375\" data-elementor-post-type=\"page\">\n\t\t\t\t<div class=\"elementor-element elementor-element-0d7be6d e-con-full e-flex e-con e-parent\" data-id=\"0d7be6d\" data-element_type=\"container\" data-e-type=\"container\" data-settings=\"{&quot;background_background&quot;:&quot;classic&quot;}\">\n\t\t\t\t<div class=\"elementor-element elementor-element-d85aad6 elementor-widget elementor-widget-heading\" data-id=\"d85aad6\" data-element_type=\"widget\" data-e-type=\"widget\" data-widget_type=\"heading.default\">\n\t\t\t\t<div class=\"elementor-widget-container\">\n\t\t\t\t\t<h1 class=\"elementor-heading-title elementor-size-default\">Blog<\/h1>\t\t\t\t<\/div>\n\t\t\t\t<\/div>\n\t\t\t\t<\/div>\n\t\t<div class=\"elementor-element elementor-element-dab3172 e-flex e-con-boxed e-con e-parent\" data-id=\"dab3172\" data-element_type=\"container\" data-e-type=\"container\">\n\t\t\t\t\t<div class=\"e-con-inner\">\n\t\t\t\t<div class=\"elementor-element elementor-element-af98d12 elementor-widget elementor-widget-text-editor\" data-id=\"af98d12\" data-element_type=\"widget\" data-e-type=\"widget\" data-widget_type=\"text-editor.default\">\n\t\t\t\t<div class=\"elementor-widget-container\">\n\t\t\t\t\t\t\t\t\t<h4>\u00a1Bienvenidos al blog de la Cl\u00ednica Antonio Hita!<\/h4><p>Te presentamos este espacio dedicado a proporcionarte la informaci\u00f3n m\u00e1s actualizada y relevante sobre salud, <a href=\"httpss:\/\/clinicaantoniohita.es\/entrenamiento-en-granada\/\">entrenamientos<\/a>, <a href=\"httpss:\/\/clinicaantoniohita.es\/fisioterapia-en-granada\/\">fisioterapia<\/a> y <a href=\"httpss:\/\/clinicaantoniohita.es\/nutricion-deportiva-en-granada\/\">nutrici\u00f3n<\/a>.<\/p><p>En Cl\u00ednica Antonio Hita, entendemos que el bienestar es clave para una vida plena y saludable. Por ello, hemos creado este blog como una extensi\u00f3n de nuestro compromiso con tu salud, donde podr\u00e1s encontrar una amplia variedad de temas que te ayudar\u00e1n a mejorar tu calidad de vida.<\/p><p>En nuestro blog, podr\u00e1s descubrir art\u00edculos escritos por nuestros profesionales, que compartir\u00e1n sus conocimientos y experiencias en diferentes \u00e1reas.<\/p><p>Desde consejos pr\u00e1cticos para mejorar tu rutina de ejercicios, hasta recomendaciones espec\u00edficas para tratar y prevenir lesiones mediante la fisioterapia. Adem\u00e1s, exploraremos la importancia de una alimentaci\u00f3n equilibrada y c\u00f3mo una buena nutrici\u00f3n puede influir positivamente en tu rendimiento f\u00edsico y tu bienestar general.<\/p><p>Sabemos que cada persona es \u00fanica y que sus necesidades pueden variar, por eso, nuestro contenido est\u00e1 dise\u00f1ado para abordar una amplia gama de intereses y preocupaciones. Ya sea que est\u00e9s buscando maneras de mejorar tu condici\u00f3n f\u00edsica, estrategias para manejar el dolor cr\u00f3nico, o simplemente consejos para mantener una dieta saludable, nuestro blog ser\u00e1 tu fuente confiable de informaci\u00f3n.<\/p><p>Adem\u00e1s de nuestros art\u00edculos especializados, tambi\u00e9n compartiremos contenido de nuestras <a href=\"httpss:\/\/www.instagram.com\/clinicaantoniohita\/\">redes sociales<\/a>, donde podr\u00e1s encontrar testimonios de nuestros clientes, historias de \u00e9xito, eventos y actividades que organizamos en la cl\u00ednica. Queremos que te sientas parte de nuestra comunidad y que tengas acceso a toda la informaci\u00f3n de calidad que ofrecemos, tanto en nuestras instalaciones como en l\u00ednea.<\/p><p>Te invitamos a explorar nuestro blog, a interactuar con nosotros y a aprovechar al m\u00e1ximo los recursos que ponemos a tu disposici\u00f3n. Tu salud y bienestar son nuestra prioridad, y estamos aqu\u00ed para acompa\u00f1arte en cada paso de tu camino hacia una vida m\u00e1s saludable y activa.<\/p>\t\t\t\t\t\t\t\t<\/div>\n\t\t\t\t<\/div>\n\t\t\t\t\t<\/div>\n\t\t\t\t<\/div>\n\t\t<div class=\"elementor-element elementor-element-8cc2e94 e-flex e-con-boxed e-con e-parent\" data-id=\"8cc2e94\" data-element_type=\"container\" data-e-type=\"container\">\n\t\t\t\t\t<div class=\"e-con-inner\">\n\t\t\t\t<div class=\"elementor-element elementor-element-f654ca5 elementor-grid-3 elementor-grid-tablet-2 elementor-grid-mobile-1 elementor-posts--thumbnail-top elementor-card-shadow-yes elementor-posts__hover-gradient elementor-widget elementor-widget-posts\" data-id=\"f654ca5\" data-element_type=\"widget\" data-e-type=\"widget\" data-settings=\"{&quot;pagination_type&quot;:&quot;numbers_and_prev_next&quot;,&quot;cards_columns&quot;:&quot;3&quot;,&quot;cards_columns_tablet&quot;:&quot;2&quot;,&quot;cards_columns_mobile&quot;:&quot;1&quot;,&quot;cards_row_gap&quot;:{&quot;unit&quot;:&quot;px&quot;,&quot;size&quot;:35,&quot;sizes&quot;:[]},&quot;cards_row_gap_tablet&quot;:{&quot;unit&quot;:&quot;px&quot;,&quot;size&quot;:&quot;&quot;,&quot;sizes&quot;:[]},&quot;cards_row_gap_mobile&quot;:{&quot;unit&quot;:&quot;px&quot;,&quot;size&quot;:&quot;&quot;,&quot;sizes&quot;:[]}}\" data-widget_type=\"posts.cards\">\n\t\t\t\t<div class=\"elementor-widget-container\">\n\t\t\t\t\t\t\t<div class=\"elementor-posts-container elementor-posts elementor-posts--skin-cards elementor-grid\" role=\"list\">\n\t\t\t\t<article class=\"elementor-post elementor-grid-item post-2694 post type-post status-publish format-standard hentry category-sin-categoria\" role=\"listitem\">\n\t\t\t<div class=\"elementor-post__card\">\n\t\t\t\t<div class=\"elementor-post__text\">\n\t\t\t\t<h3 class=\"elementor-post__title\">\n\t\t\t<a href=\"https:\/\/clinicaantoniohita.es\/en\/cesarea-miedo-al-movimiento\/\" >\n\t\t\t\tCes\u00e1rea \u00bfmiedo al movimiento?\t\t\t<\/a>\n\t\t<\/h3>\n\t\t\t\t<div class=\"elementor-post__excerpt\">\n\t\t\t<p>Ces\u00e1rea: \u00bfmiedo al movimiento? C\u00f3mo recuperar tu cuerpo con seguridad \u00bfHas tenido una ces\u00e1rea y ahora sientes ciertos \u201cpinchazos\u201d, incomodidad al girar o dudas al<\/p>\n\t\t<\/div>\n\t\t\t\t\t<div class=\"elementor-post__read-more-wrapper\">\n\t\t\n\t\t<a class=\"elementor-post__read-more\" href=\"https:\/\/clinicaantoniohita.es\/en\/cesarea-miedo-al-movimiento\/\" aria-label=\"Read more about Ces\u00e1rea \u00bfmiedo al movimiento?\" tabindex=\"-1\" >\n\t\t\tLeer m\u00e1s \u00bb\t\t<\/a>\n\n\t\t\t\t\t<\/div>\n\t\t\t\t<\/div>\n\t\t\t\t<div class=\"elementor-post__meta-data\">\n\t\t\t\t\t<span class=\"elementor-post-date\">\n\t\t\t16 de October de 2025\t\t<\/span>\n\t\t\t\t<span class=\"elementor-post-avatar\">\n\t\t\tNo Comments\t\t<\/span>\n\t\t\t\t<\/div>\n\t\t\t\t\t<\/div>\n\t\t<\/article>\n\t\t\t\t<article class=\"elementor-post elementor-grid-item post-2677 post type-post status-publish format-standard hentry category-sin-categoria\" role=\"listitem\">\n\t\t\t<div class=\"elementor-post__card\">\n\t\t\t\t<div class=\"elementor-post__text\">\n\t\t\t\t<h3 class=\"elementor-post__title\">\n\t\t\t<a href=\"https:\/\/clinicaantoniohita.es\/en\/dolor-de-espalda-al-cargar-a-tu-bebe\/\" >\n\t\t\t\tDolor de espalda al cargar a tu beb\u00e9: c\u00f3mo se relaciona con tu suelo p\u00e9lvico\t\t\t<\/a>\n\t\t<\/h3>\n\t\t\t\t<div class=\"elementor-post__excerpt\">\n\t\t\t<p>\u00a0Dolor de espalda al cargar a tu beb\u00e9: c\u00f3mo se relaciona con tu suelo p\u00e9lvico \ud83e\udd31 \u00bfSab\u00edas que el dolor de espalda al cargar a<\/p>\n\t\t<\/div>\n\t\t\t\t\t<div class=\"elementor-post__read-more-wrapper\">\n\t\t\n\t\t<a class=\"elementor-post__read-more\" href=\"https:\/\/clinicaantoniohita.es\/en\/dolor-de-espalda-al-cargar-a-tu-bebe\/\" aria-label=\"Read more about Dolor de espalda al cargar a tu beb\u00e9: c\u00f3mo se relaciona con tu suelo p\u00e9lvico\" tabindex=\"-1\" >\n\t\t\tLeer m\u00e1s \u00bb\t\t<\/a>\n\n\t\t\t\t\t<\/div>\n\t\t\t\t<\/div>\n\t\t\t\t<div class=\"elementor-post__meta-data\">\n\t\t\t\t\t<span class=\"elementor-post-date\">\n\t\t\t8 de October de 2025\t\t<\/span>\n\t\t\t\t<span class=\"elementor-post-avatar\">\n\t\t\tNo Comments\t\t<\/span>\n\t\t\t\t<\/div>\n\t\t\t\t\t<\/div>\n\t\t<\/article>\n\t\t\t\t<article class=\"elementor-post elementor-grid-item post-2652 post type-post status-publish format-standard hentry category-sin-categoria\" role=\"listitem\">\n\t\t\t<div class=\"elementor-post__card\">\n\t\t\t\t<div class=\"elementor-post__text\">\n\t\t\t\t<h3 class=\"elementor-post__title\">\n\t\t\t<a href=\"https:\/\/clinicaantoniohita.es\/en\/entrenar-en-verano\/\" >\n\t\t\t\tEntrenar en verano\t\t\t<\/a>\n\t\t<\/h3>\n\t\t\t\t<div class=\"elementor-post__excerpt\">\n\t\t\t<p>\u00bfEntrenar en verano? Claro que s\u00ed. Tu salud no se toma vacaciones El verano en Granada invita a descansar, disfrutar del buen tiempo, hacer planes<\/p>\n\t\t<\/div>\n\t\t\t\t\t<div class=\"elementor-post__read-more-wrapper\">\n\t\t\n\t\t<a class=\"elementor-post__read-more\" href=\"https:\/\/clinicaantoniohita.es\/en\/entrenar-en-verano\/\" aria-label=\"Read more about Entrenar en verano\" tabindex=\"-1\" >\n\t\t\tLeer m\u00e1s \u00bb\t\t<\/a>\n\n\t\t\t\t\t<\/div>\n\t\t\t\t<\/div>\n\t\t\t\t<div class=\"elementor-post__meta-data\">\n\t\t\t\t\t<span class=\"elementor-post-date\">\n\t\t\t7 de August de 2025\t\t<\/span>\n\t\t\t\t<span class=\"elementor-post-avatar\">\n\t\t\tNo Comments\t\t<\/span>\n\t\t\t\t<\/div>\n\t\t\t\t\t<\/div>\n\t\t<\/article>\n\t\t\t\t<article class=\"elementor-post elementor-grid-item post-2572 post type-post status-publish format-standard hentry category-sin-categoria\" role=\"listitem\">\n\t\t\t<div class=\"elementor-post__card\">\n\t\t\t\t<div class=\"elementor-post__text\">\n\t\t\t\t<h3 class=\"elementor-post__title\">\n\t\t\t<a href=\"https:\/\/clinicaantoniohita.es\/en\/valoracion-antes-de-empezar-pilates\/\" >\n\t\t\t\tValoraci\u00f3n antes de empezar Pilates\t\t\t<\/a>\n\t\t<\/h3>\n\t\t\t\t<div class=\"elementor-post__excerpt\">\n\t\t\t<p>Valoraci\u00f3n antes de empezar Pilates: el primer paso hacia un entrenamiento efectivo y seguro Antes de iniciar cualquier actividad f\u00edsica, es fundamental conocer el estado<\/p>\n\t\t<\/div>\n\t\t\t\t\t<div class=\"elementor-post__read-more-wrapper\">\n\t\t\n\t\t<a class=\"elementor-post__read-more\" href=\"https:\/\/clinicaantoniohita.es\/en\/valoracion-antes-de-empezar-pilates\/\" aria-label=\"Read more about Valoraci\u00f3n antes de empezar Pilates\" tabindex=\"-1\" >\n\t\t\tLeer m\u00e1s \u00bb\t\t<\/a>\n\n\t\t\t\t\t<\/div>\n\t\t\t\t<\/div>\n\t\t\t\t<div class=\"elementor-post__meta-data\">\n\t\t\t\t\t<span class=\"elementor-post-date\">\n\t\t\t10 de July de 2025\t\t<\/span>\n\t\t\t\t<span class=\"elementor-post-avatar\">\n\t\t\tNo Comments\t\t<\/span>\n\t\t\t\t<\/div>\n\t\t\t\t\t<\/div>\n\t\t<\/article>\n\t\t\t\t<article class=\"elementor-post elementor-grid-item post-2566 post type-post status-publish format-standard hentry category-sin-categoria\" role=\"listitem\">\n\t\t\t<div class=\"elementor-post__card\">\n\t\t\t\t<div class=\"elementor-post__text\">\n\t\t\t\t<h3 class=\"elementor-post__title\">\n\t\t\t<a href=\"https:\/\/clinicaantoniohita.es\/en\/pilates-y-suelo-pelvico\/\" >\n\t\t\t\tPilates y Suelo P\u00e9lvico\t\t\t<\/a>\n\t\t<\/h3>\n\t\t\t\t<div class=\"elementor-post__excerpt\">\n\t\t\t<p>Pilates para el Suelo P\u00e9lvico: Fortalece tu cuerpo desde dentro en Cl\u00ednica Antonio Hita (Granada) \u00bfBuscas mejorar tu salud \u00edntima, prevenir problemas como la incontinencia<\/p>\n\t\t<\/div>\n\t\t\t\t\t<div class=\"elementor-post__read-more-wrapper\">\n\t\t\n\t\t<a class=\"elementor-post__read-more\" href=\"https:\/\/clinicaantoniohita.es\/en\/pilates-y-suelo-pelvico\/\" aria-label=\"Read more about Pilates y Suelo P\u00e9lvico\" tabindex=\"-1\" >\n\t\t\tLeer m\u00e1s \u00bb\t\t<\/a>\n\n\t\t\t\t\t<\/div>\n\t\t\t\t<\/div>\n\t\t\t\t<div class=\"elementor-post__meta-data\">\n\t\t\t\t\t<span class=\"elementor-post-date\">\n\t\t\t24 de June de 2025\t\t<\/span>\n\t\t\t\t<span class=\"elementor-post-avatar\">\n\t\t\tNo Comments\t\t<\/span>\n\t\t\t\t<\/div>\n\t\t\t\t\t<\/div>\n\t\t<\/article>\n\t\t\t\t<article class=\"elementor-post elementor-grid-item post-2550 post type-post status-publish format-standard hentry category-sin-categoria\" role=\"listitem\">\n\t\t\t<div class=\"elementor-post__card\">\n\t\t\t\t<div class=\"elementor-post__text\">\n\t\t\t\t<h3 class=\"elementor-post__title\">\n\t\t\t<a href=\"https:\/\/clinicaantoniohita.es\/en\/suelo-pelvico-en-granada\/\" >\n\t\t\t\tSuelo P\u00e9lvico en Granada\t\t\t<\/a>\n\t\t<\/h3>\n\t\t\t\t<div class=\"elementor-post__excerpt\">\n\t\t\t<p>\u00bfProblemas con el suelo p\u00e9lvico? Descubre c\u00f3mo cuidarlo con fisioterapia en Granada \u00bfAlguna vez has sentido molestias en la zona baja del abdomen? \u00bfP\u00e9rdidas de<\/p>\n\t\t<\/div>\n\t\t\t\t\t<div class=\"elementor-post__read-more-wrapper\">\n\t\t\n\t\t<a class=\"elementor-post__read-more\" href=\"https:\/\/clinicaantoniohita.es\/en\/suelo-pelvico-en-granada\/\" aria-label=\"Read more about Suelo P\u00e9lvico en Granada\" tabindex=\"-1\" >\n\t\t\tLeer m\u00e1s \u00bb\t\t<\/a>\n\n\t\t\t\t\t<\/div>\n\t\t\t\t<\/div>\n\t\t\t\t<div class=\"elementor-post__meta-data\">\n\t\t\t\t\t<span class=\"elementor-post-date\">\n\t\t\t19 de June de 2025\t\t<\/span>\n\t\t\t\t<span class=\"elementor-post-avatar\">\n\t\t\tNo Comments\t\t<\/span>\n\t\t\t\t<\/div>\n\t\t\t\t\t<\/div>\n\t\t<\/article>\n\t\t\t\t<\/div>\n\t\t\n\t\t\t\t<div class=\"e-load-more-anchor\" data-page=\"1\" data-max-page=\"9\" data-next-page=\"https:\/\/clinicaantoniohita.es\/en\/wp-json\/wp\/v2\/pages\/375\/page\/2\/\"><\/div>\n\t\t\t\t<nav class=\"elementor-pagination\" aria-label=\"Pagination\">\n\t\t\t<span class=\"page-numbers prev\">&laquo; Anterior<\/span>\n<span aria-current=\"page\" class=\"page-numbers current\"><span class=\"elementor-screen-only\">Page<\/span>1<\/span>\n<a class=\"page-numbers\" href=\"https:\/\/clinicaantoniohita.es\/en\/wp-json\/wp\/v2\/pages\/375\/page\/2\/\"><span class=\"elementor-screen-only\">Page<\/span>2<\/a>\n<a class=\"page-numbers\" href=\"https:\/\/clinicaantoniohita.es\/en\/wp-json\/wp\/v2\/pages\/375\/page\/3\/\"><span class=\"elementor-screen-only\">Page<\/span>3<\/a>\n<a class=\"page-numbers\" href=\"https:\/\/clinicaantoniohita.es\/en\/wp-json\/wp\/v2\/pages\/375\/page\/4\/\"><span class=\"elementor-screen-only\">Page<\/span>4<\/a>\n<a class=\"page-numbers\" href=\"https:\/\/clinicaantoniohita.es\/en\/wp-json\/wp\/v2\/pages\/375\/page\/5\/\"><span class=\"elementor-screen-only\">Page<\/span>5<\/a>\n<a class=\"page-numbers next\" href=\"https:\/\/clinicaantoniohita.es\/en\/wp-json\/wp\/v2\/pages\/375\/page\/2\/\">Siguiente &raquo;<\/a>\t\t<\/nav>\n\t\t\t\t\t\t<\/div>\n\t\t\t\t<\/div>\n\t\t\t\t\t<\/div>\n\t\t\t\t<\/div>\n\t\t<div class=\"elementor-element elementor-element-b37ca75 e-flex e-con-boxed e-con e-parent\" data-id=\"b37ca75\" data-element_type=\"container\" data-e-type=\"container\">\n\t\t\t\t\t<div class=\"e-con-inner\">\n\t\t\t\t\t<\/div>\n\t\t\t\t<\/div>\n\t\t\t\t<\/div>","protected":false},"excerpt":{"rendered":"<p>Blog \u00a1Bienvenidos al blog de la Cl\u00ednica Antonio Hita! Te presentamos este espacio dedicado a proporcionarte la informaci\u00f3n m\u00e1s actualizada y relevante sobre salud, entrenamientos, fisioterapia y nutrici\u00f3n. En Cl\u00ednica Antonio Hita, entendemos que el bienestar es clave para una vida plena y saludable. Por ello, hemos creado este blog como una extensi\u00f3n de nuestro [&hellip;]<\/p>\n","protected":false},"author":1,"featured_media":0,"parent":0,"menu_order":0,"comment_status":"closed","ping_status":"closed","template":"","meta":{"footnotes":""},"class_list":["post-375","page","type-page","status-publish","hentry"],"yoast_head":"<!-- This site is optimized with the Yoast SEO plugin v27.5 - https:\/\/yoast.com\/product\/yoast-seo-wordpress\/ -->\n<title>Blog - clinicaantoniohita.es<\/title>\n<meta name=\"description\" content=\"Blog especializado - Sobre el entrenamiento grupal y personal, fisioterapia y nutrici\u00f3n que realizamos en nuestro centro de Granada\" \/>\n<meta name=\"robots\" content=\"index, follow, max-snippet:-1, max-image-preview:large, max-video-preview:-1\" \/>\n<link rel=\"canonical\" href=\"https:\/\/clinicaantoniohita.es\/en\/blog\/\" \/>\n<meta property=\"og:locale\" content=\"en_GB\" \/>\n<meta property=\"og:type\" content=\"article\" \/>\n<meta property=\"og:title\" content=\"Blog - clinicaantoniohita.es\" \/>\n<meta property=\"og:description\" content=\"Blog especializado - Sobre el entrenamiento grupal y personal, fisioterapia y nutrici\u00f3n que realizamos en nuestro centro de Granada\" \/>\n<meta property=\"og:url\" content=\"https:\/\/clinicaantoniohita.es\/en\/blog\/\" \/>\n<meta property=\"og:site_name\" content=\"clinicaantoniohita.es\" \/>\n<meta property=\"article:publisher\" content=\"httpss:\/\/www.facebook.com\/ClinicaAntonioHita\/\" \/>\n<meta property=\"article:modified_time\" content=\"2026-03-16T11:27:48+00:00\" \/>\n<meta name=\"twitter:card\" content=\"summary_large_image\" \/>\n<meta name=\"twitter:label1\" content=\"Estimated reading time\" \/>\n\t<meta name=\"twitter:data1\" content=\"5 minutes\" \/>\n<script type=\"application\/ld+json\" class=\"yoast-schema-graph\">{\"@context\":\"https:\\\/\\\/schema.org\",\"@graph\":[{\"@type\":\"WebPage\",\"@id\":\"https:\\\/\\\/clinicaantoniohita.es\\\/blog\\\/\",\"url\":\"https:\\\/\\\/clinicaantoniohita.es\\\/blog\\\/\",\"name\":\"Blog - clinicaantoniohita.es\",\"isPartOf\":{\"@id\":\"https:\\\/\\\/clinicaantoniohita.es\\\/#website\"},\"datePublished\":\"2024-04-08T06:12:06+00:00\",\"dateModified\":\"2026-03-16T11:27:48+00:00\",\"description\":\"Blog especializado - Sobre el entrenamiento grupal y personal, fisioterapia y nutrici\u00f3n que realizamos en nuestro centro de Granada\",\"breadcrumb\":{\"@id\":\"https:\\\/\\\/clinicaantoniohita.es\\\/blog\\\/#breadcrumb\"},\"inLanguage\":\"en-GB\",\"potentialAction\":[{\"@type\":\"ReadAction\",\"target\":[\"https:\\\/\\\/clinicaantoniohita.es\\\/blog\\\/\"]}]},{\"@type\":\"BreadcrumbList\",\"@id\":\"https:\\\/\\\/clinicaantoniohita.es\\\/blog\\\/#breadcrumb\",\"itemListElement\":[{\"@type\":\"ListItem\",\"position\":1,\"name\":\"Inicio\",\"item\":\"https:\\\/\\\/clinicaantoniohita.es\\\/\"},{\"@type\":\"ListItem\",\"position\":2,\"name\":\"Blog\"}]},{\"@type\":\"WebSite\",\"@id\":\"https:\\\/\\\/clinicaantoniohita.es\\\/#website\",\"url\":\"https:\\\/\\\/clinicaantoniohita.es\\\/\",\"name\":\"clinicaantoniohita.es\",\"description\":\"Centro de fisioterapia y entrenamiento\",\"publisher\":{\"@id\":\"https:\\\/\\\/clinicaantoniohita.es\\\/#organization\"},\"potentialAction\":[{\"@type\":\"SearchAction\",\"target\":{\"@type\":\"EntryPoint\",\"urlTemplate\":\"https:\\\/\\\/clinicaantoniohita.es\\\/?s={search_term_string}\"},\"query-input\":{\"@type\":\"PropertyValueSpecification\",\"valueRequired\":true,\"valueName\":\"search_term_string\"}}],\"inLanguage\":\"en-GB\"},{\"@type\":\"Organization\",\"@id\":\"https:\\\/\\\/clinicaantoniohita.es\\\/#organization\",\"name\":\"clinicaantoniohita.es\",\"url\":\"https:\\\/\\\/clinicaantoniohita.es\\\/\",\"logo\":{\"@type\":\"ImageObject\",\"inLanguage\":\"en-GB\",\"@id\":\"https:\\\/\\\/clinicaantoniohita.es\\\/#\\\/schema\\\/logo\\\/image\\\/\",\"url\":\"https:\\\/\\\/clinicaantoniohita.es\\\/wp-content\\\/uploads\\\/2024\\\/02\\\/favicon-clinica-antonio-hita.png\",\"contentUrl\":\"https:\\\/\\\/clinicaantoniohita.es\\\/wp-content\\\/uploads\\\/2024\\\/02\\\/favicon-clinica-antonio-hita.png\",\"width\":600,\"height\":600,\"caption\":\"clinicaantoniohita.es\"},\"image\":{\"@id\":\"https:\\\/\\\/clinicaantoniohita.es\\\/#\\\/schema\\\/logo\\\/image\\\/\"},\"sameAs\":[\"httpss:\\\/\\\/www.facebook.com\\\/ClinicaAntonioHita\\\/\",\"httpss:\\\/\\\/www.instagram.com\\\/clinicaantoniohita\\\/\"]}]}<\/script>\n<!-- \/ Yoast SEO plugin. -->","yoast_head_json":{"title":"Blog - clinicaantoniohita.es","description":"Blog especializado - Sobre el entrenamiento grupal y personal, fisioterapia y nutrici\u00f3n que realizamos en nuestro centro de Granada","robots":{"index":"index","follow":"follow","max-snippet":"max-snippet:-1","max-image-preview":"max-image-preview:large","max-video-preview":"max-video-preview:-1"},"canonical":"https:\/\/clinicaantoniohita.es\/en\/blog\/","og_locale":"en_GB","og_type":"article","og_title":"Blog - clinicaantoniohita.es","og_description":"Blog especializado - Sobre el entrenamiento grupal y personal, fisioterapia y nutrici\u00f3n que realizamos en nuestro centro de Granada","og_url":"https:\/\/clinicaantoniohita.es\/en\/blog\/","og_site_name":"clinicaantoniohita.es","article_publisher":"httpss:\/\/www.facebook.com\/ClinicaAntonioHita\/","article_modified_time":"2026-03-16T11:27:48+00:00","twitter_card":"summary_large_image","twitter_misc":{"Estimated reading time":"5 minutes"},"schema":{"@context":"https:\/\/schema.org","@graph":[{"@type":"WebPage","@id":"https:\/\/clinicaantoniohita.es\/blog\/","url":"https:\/\/clinicaantoniohita.es\/blog\/","name":"Blog - clinicaantoniohita.es","isPartOf":{"@id":"https:\/\/clinicaantoniohita.es\/#website"},"datePublished":"2024-04-08T06:12:06+00:00","dateModified":"2026-03-16T11:27:48+00:00","description":"Blog especializado - Sobre el entrenamiento grupal y personal, fisioterapia y nutrici\u00f3n que realizamos en nuestro centro de Granada","breadcrumb":{"@id":"https:\/\/clinicaantoniohita.es\/blog\/#breadcrumb"},"inLanguage":"en-GB","potentialAction":[{"@type":"ReadAction","target":["https:\/\/clinicaantoniohita.es\/blog\/"]}]},{"@type":"BreadcrumbList","@id":"https:\/\/clinicaantoniohita.es\/blog\/#breadcrumb","itemListElement":[{"@type":"ListItem","position":1,"name":"Inicio","item":"https:\/\/clinicaantoniohita.es\/"},{"@type":"ListItem","position":2,"name":"Blog"}]},{"@type":"WebSite","@id":"https:\/\/clinicaantoniohita.es\/#website","url":"https:\/\/clinicaantoniohita.es\/","name":"clinicaantoniohita.es","description":"Centro de fisioterapia y entrenamiento","publisher":{"@id":"https:\/\/clinicaantoniohita.es\/#organization"},"potentialAction":[{"@type":"SearchAction","target":{"@type":"EntryPoint","urlTemplate":"https:\/\/clinicaantoniohita.es\/?s={search_term_string}"},"query-input":{"@type":"PropertyValueSpecification","valueRequired":true,"valueName":"search_term_string"}}],"inLanguage":"en-GB"},{"@type":"Organization","@id":"https:\/\/clinicaantoniohita.es\/#organization","name":"clinicaantoniohita.es","url":"https:\/\/clinicaantoniohita.es\/","logo":{"@type":"ImageObject","inLanguage":"en-GB","@id":"https:\/\/clinicaantoniohita.es\/#\/schema\/logo\/image\/","url":"https:\/\/clinicaantoniohita.es\/wp-content\/uploads\/2024\/02\/favicon-clinica-antonio-hita.png","contentUrl":"https:\/\/clinicaantoniohita.es\/wp-content\/uploads\/2024\/02\/favicon-clinica-antonio-hita.png","width":600,"height":600,"caption":"clinicaantoniohita.es"},"image":{"@id":"https:\/\/clinicaantoniohita.es\/#\/schema\/logo\/image\/"},"sameAs":["httpss:\/\/www.facebook.com\/ClinicaAntonioHita\/","httpss:\/\/www.instagram.com\/clinicaantoniohita\/"]}]}},"_links":{"self":[{"href":"https:\/\/clinicaantoniohita.es\/en\/wp-json\/wp\/v2\/pages\/375","targetHints":{"allow":["GET"]}}],"collection":[{"href":"https:\/\/clinicaantoniohita.es\/en\/wp-json\/wp\/v2\/pages"}],"about":[{"href":"https:\/\/clinicaantoniohita.es\/en\/wp-json\/wp\/v2\/types\/page"}],"author":[{"embeddable":true,"href":"https:\/\/clinicaantoniohita.es\/en\/wp-json\/wp\/v2\/users\/1"}],"replies":[{"embeddable":true,"href":"https:\/\/clinicaantoniohita.es\/en\/wp-json\/wp\/v2\/comments?post=375"}],"version-history":[{"count":68,"href":"https:\/\/clinicaantoniohita.es\/en\/wp-json\/wp\/v2\/pages\/375\/revisions"}],"predecessor-version":[{"id":2750,"href":"https:\/\/clinicaantoniohita.es\/en\/wp-json\/wp\/v2\/pages\/375\/revisions\/2750"}],"wp:attachment":[{"href":"https:\/\/clinicaantoniohita.es\/en\/wp-json\/wp\/v2\/media?parent=375"}],"curies":[{"name":"wp","href":"https:\/\/api.w.org\/{rel}","templated":true}]}}