{"id":297,"date":"2024-02-22T16:38:08","date_gmt":"2024-02-22T15:38:08","guid":{"rendered":"https:\/\/clinicaantoniohita.es\/?page_id=297"},"modified":"2024-02-22T16:53:44","modified_gmt":"2024-02-22T15:53:44","slug":"politica-de-privacidad","status":"publish","type":"page","link":"https:\/\/clinicaantoniohita.es\/en\/politica-de-privacidad\/","title":{"rendered":"Pol\u00edtica de privacidad"},"content":{"rendered":"<div data-elementor-type=\"wp-page\" data-elementor-id=\"297\" class=\"elementor elementor-297\" data-elementor-post-type=\"page\">\n\t\t\t\t<div class=\"elementor-element elementor-element-379a37e elementor-hidden-tablet elementor-hidden-mobile e-flex e-con-boxed e-con e-parent\" data-id=\"379a37e\" data-element_type=\"container\" data-e-type=\"container\" data-settings=\"{&quot;background_background&quot;:&quot;classic&quot;}\">\n\t\t\t\t\t<div class=\"e-con-inner\">\n\t\t\t\t\t<\/div>\n\t\t\t\t<\/div>\n\t\t<div class=\"elementor-element elementor-element-5f91195 e-flex e-con-boxed e-con e-parent\" data-id=\"5f91195\" data-element_type=\"container\" data-e-type=\"container\">\n\t\t\t\t\t<div class=\"e-con-inner\">\n\t\t\t\t<div class=\"elementor-element elementor-element-7b9778d elementor-widget elementor-widget-spacer\" data-id=\"7b9778d\" data-element_type=\"widget\" data-e-type=\"widget\" data-widget_type=\"spacer.default\">\n\t\t\t\t<div class=\"elementor-widget-container\">\n\t\t\t\t\t\t\t<div class=\"elementor-spacer\">\n\t\t\t<div class=\"elementor-spacer-inner\"><\/div>\n\t\t<\/div>\n\t\t\t\t\t\t<\/div>\n\t\t\t\t<\/div>\n\t\t\t\t<div class=\"elementor-element elementor-element-e416018 elementor-invisible elementor-widget elementor-widget-heading\" data-id=\"e416018\" data-element_type=\"widget\" data-e-type=\"widget\" data-settings=\"{&quot;_animation&quot;:&quot;fadeIn&quot;}\" data-widget_type=\"heading.default\">\n\t\t\t\t<div class=\"elementor-widget-container\">\n\t\t\t\t\t<h1 class=\"elementor-heading-title elementor-size-default\">Pol\u00edtica de privacidad<\/h1>\t\t\t\t<\/div>\n\t\t\t\t<\/div>\n\t\t\t\t\t<\/div>\n\t\t\t\t<\/div>\n\t\t<div class=\"elementor-element elementor-element-cd44b4e e-flex e-con-boxed e-con e-parent\" data-id=\"cd44b4e\" data-element_type=\"container\" data-e-type=\"container\">\n\t\t\t\t\t<div class=\"e-con-inner\">\n\t\t\t\t<div class=\"elementor-element elementor-element-862b1b4 elementor-widget elementor-widget-breadcrumbs\" data-id=\"862b1b4\" data-element_type=\"widget\" data-e-type=\"widget\" data-widget_type=\"breadcrumbs.default\">\n\t\t\t\t<div class=\"elementor-widget-container\">\n\t\t\t\t\t<p id=\"breadcrumbs\"><span><span><a href=\"https:\/\/clinicaantoniohita.es\/en\/\">Inicio<\/a><\/span><\/span><\/p>\t\t\t\t<\/div>\n\t\t\t\t<\/div>\n\t\t\t\t<div class=\"elementor-element elementor-element-d006b13 elementor-widget elementor-widget-text-editor\" data-id=\"d006b13\" data-element_type=\"widget\" data-e-type=\"widget\" data-widget_type=\"text-editor.default\">\n\t\t\t\t<div class=\"elementor-widget-container\">\n\t\t\t\t\t\t\t\t\t<p>Con esta pol\u00edtica de privacidad le informamos del tratamiento que hacemos de los datos personales que facilite o vaya a facilitar en su navegaci\u00f3n, para el caso de que contin\u00fae navegando. As\u00ed mismo, recoge nuestra pol\u00edtica de protecci\u00f3n de datos, para los casos en que se haga una remisi\u00f3n expresa a la misma.<\/p><h2>1. RESPONSABLE DEL TRATAMIENTO<\/h2><p>El Responsable del tratamiento y entidad titular del dominio httpss:\/\/clinicaantoniohita.es (en adelante, el Sitio Web) es ANTONIO MANUEL HITA P\u00c9REZ, con domicilio Calle Camino de Purchil, 1, Granada, 18003, con NIF: 74421242Q<br \/>Datos de contacto:<\/p><ul><li>Tel\u00e9fono: (+34) 686 091 795<\/li><li>Correo electr\u00f3nico: clinicaantoniohita@gmail.com<\/li><\/ul><h2>2. FINALIDAD DEL TRATAMIENTO Y LEGITIMACI\u00d3N<\/h2><p>Los datos que nos facilite tienen como finalidad:<\/p><ul><li>Remitirle la informaci\u00f3n solicitada y resolver las consultas que nos realice a trav\u00e9s del apartado de contacto puesto a su disposici\u00f3n en el sitio Web.<br \/>La base de legitimaci\u00f3n es el consentimiento prestado.<\/li><li>Comunicaciones derivadas de la prestaci\u00f3n del servicio contratado.<br \/>La base de legitimaci\u00f3n es la ejecuci\u00f3n de un contrato<\/li><li>Responder a las consultas que nos realice en relaci\u00f3n al ejercicio de los derechos sobre los que le informamos m\u00e1s adelante.<br \/>La base de legitimaci\u00f3n es el cumplimiento de obligaciones legales por nuestra parte.<\/li><li>Al remitirnos su curr\u00edculum nos autoriza a analizar los datos y documentos contenidos en el mismo. Los mismos ser\u00e1n conservados durante el plazo m\u00e1ximo de seis meses, salvo que nos manifieste lo contrario.<\/li><\/ul><p>La base de legitimaci\u00f3n es el consentimiento prestado.<br \/>Informaci\u00f3n adicional: Puede solicitarnos la informaci\u00f3n adicional y detallada sobre Protecci\u00f3n de Datos de nuestros Registros de Tratamiento dirigi\u00e9ndonos un correo electr\u00f3nico a clinicaantoniohita@gmail.com<\/p><h2>3. PLAZOS DE CONSERVACI\u00d3N.<\/h2><p>Los datos que nos facilite se conservar\u00e1n por regla general, mientras exista una relaci\u00f3n contractual que nos vincule o usted no ejerza su derecho de supresi\u00f3n, oposici\u00f3n y\/o limitaci\u00f3n del tratamiento, en cuyo caso, la informaci\u00f3n ser\u00e1 bloqueada sin darle uso m\u00e1s all\u00e1 de su conservaci\u00f3n, mientras pueda ser necesaria para el ejercicio o defensa de reclamaciones o pudiera derivarse alg\u00fan tipo de responsabilidad que tuviera que ser atendida. Quedar\u00e1n a disposici\u00f3n exclusiva de Jueces y Tribunales, el Ministerio Fiscal y las Administraciones competentes, en particular la de Protecci\u00f3n de Datos para la atenci\u00f3n de responsabilidades nacidas del tratamiento, durante el plazo de prescripci\u00f3n de estas. Cumplido el plazo indicado, se pasar\u00e1 a su destrucci\u00f3n con las medidas de seguridad adecuadas para garantizar la seudonimizaci\u00f3n o destrucci\u00f3n total de los mismos.<\/p><p>Adem\u00e1s del tratamiento general del punto anterior, se observar\u00e1 el plazo de conservaci\u00f3n de cuatro a\u00f1os (Art. 66 y siguientes de la Ley General Tributaria), y de seis sobre los libros de contabilidad y facturas (Art. 30 del C\u00f3digo de Comercio).<\/p><h2>4. SUS DERECHOS DE PROTECCION DE DATOS<\/h2><p>La normativa de protecci\u00f3n de datos le confiere los siguientes derechos en relaci\u00f3n con el tratamiento de datos personales:<\/p><ul><li>Derecho de acceso: Dispone de su derecho de acceso a sus datos personales para saber cu\u00e1les est\u00e1n siendo objeto de tratamiento y las operaciones de tratamiento llevadas a cabo con ellos.<\/li><li>Derecho de rectificaci\u00f3n: Poder solicitar la modificaci\u00f3n de sus datos por ser inexactos o no veraces.<\/li><li>Derecho de portabilidad: Poder obtener una copia en un formato interoperable de los datos que est\u00e9n siendo tratados.<\/li><li>Derecho a la limitaci\u00f3n del tratamiento: En determinadas circunstancias, los interesados podr\u00e1n solicitar la limitaci\u00f3n del tratamiento de sus datos, en cuyo caso \u00fanicamente los conservaremos para el ejercicio o defensa de reclamaciones.<\/li><li>Derecho de supresi\u00f3n: Solicitar la supresi\u00f3n de sus datos cuando el tratamiento ya no resulte necesario.<\/li><li>Derecho de oposici\u00f3n: Solicitar el cese en el env\u00edo de comunicaciones en los t\u00e9rminos se\u00f1alados.<\/li><li>Derecho a revocar el consentimiento prestado.<\/li><\/ul><p>Para el ejercicio de estos derechos, deber\u00e1 remitir una solicitud expresa, junto a una copia de su DNI\/NIF o documento acreditativo equivalente y en vigor, a trav\u00e9s de los siguientes medios:<\/p><ul><li>CORREO ELECTR\u00d3NICO dirigido a la direcci\u00f3n clinicaantoniohita@gmail.com con asunto Protecci\u00f3n de Datos. Este env\u00edo deber\u00e1 realizarlo desde la direcci\u00f3n de correo electr\u00f3nico que incluy\u00f3 en el formulario\/s. En caso contrario, no le ser\u00e1n mostrados, por no considerar suficientemente probada su identidad.<\/li><li>POR CORREO POSTAL: Dirigido a la direcci\u00f3n Calle Camino de Purchil, 1, Granada, 18003<br \/>Si ante la solicitud realizada no recibiera respuesta en tiempo y forma por parte del Prestador, o no encontrara esta satisfactoria, se informa que la autoridad de control competente es la Agencia Espa\u00f1ola de Protecci\u00f3n de Datos (www.aepd.es ). En su p\u00e1gina web puede encontrar una serie de modelos que le ayudar\u00e1n en el ejercicio de sus derechos.<\/li><\/ul><h2>5. NO CESI\u00d3N DE DATOS<\/h2><p>Se informa expresamente a los usuarios que sus datos personales no ser\u00e1n cedidos en ning\u00fan caso a terceros, salvo obligaci\u00f3n legal. Cualquier excepci\u00f3n a esta norma, requerir\u00e1 su previo consentimiento expreso informado, e inequ\u00edvoco.<\/p><p>En el cumplimiento de nuestras obligaciones, podremos comunicar sus datos a las Administraciones P\u00fablicas y tribunales, siempre que tal informaci\u00f3n sea requerida conforme a los procesos legales establecidos.<\/p><p>ANTONIO MANUEL HITA P\u00c9REZ cuenta con los siguientes perfiles de redes sociales:<\/p><p>httpss:\/\/www.instagram.com\/clinica_a_hita\/ httpss:\/\/www.facebook.com\/ClinicaAntonioHita\/<\/p><p>Si contacta con nuestro equipo a trav\u00e9s de alguno de los perfiles en redes sociales que ANTONIO MANUEL HITA P\u00c9REZ pone a disposici\u00f3n de los usuarios, adem\u00e1s de cedernos los datos que nos facilita, tambi\u00e9n los estar\u00e1 cediendo a las entidades responsables de esa propia red social. Para conocer el uso y tratamiento que estas entidades hacen de sus datos, le aconsejamos que lea detenidamente las pol\u00edticas de privacidad de las redes sociales que tenga activas.<\/p><h2>6. MEDIDAS DE SEGURIDAD<\/h2><p>De conformidad con lo dispuesto en las normativas vigentes en protecci\u00f3n de datos personales Reglamento (UE) 2016\/679 del Parlamento Europeo y del Consejo de 27 de abril de 2016 y Ley Org\u00e1nica 3\/2018, de 5 de diciembre, de Protecci\u00f3n de Datos Personales y Garant\u00eda de los Derechos Digitales, el Prestador cumple con todas las disposiciones de las normativas RGPD y LOPDGDD para el tratamiento de los datos personales de su responsabilidad, y manifiestamente con los principios descritos en el art\u00edculo 5 del RGPD, por los cuales son tratados de manera l\u00edcita, leal y transparente en relaci\u00f3n con el interesado y adecuados, pertinentes y limitados a lo necesario en relaci\u00f3n con los fines para los que son tratados.<\/p><p>Se poseen implementadas pol\u00edticas t\u00e9cnicas y organizativas apropiadas con el fin de proteger sus derechos y libertades, facilit\u00e1ndole toda la informaci\u00f3n necesaria para que pueda ejercer los derechos que le asisten. No obstante, debe de ser consciente que las medidas de seguridad en Internet no son inexpugnables.<\/p><p>Este sitio web utiliza HTTPS (conexi\u00f3n segura). Se trata de un protocolo de seguridad que hace que sus datos viajen de manera \u00edntegra y segura, es decir, la trasmisi\u00f3n de los datos entre un servidor y usuario web, y en retroalimentaci\u00f3n, es totalmente cifrada o encriptada.<\/p><h2>7. MENORES DE EDAD<\/h2><p>Los menores de edad (14 a\u00f1os) no podr\u00e1n usar los servicios disponibles a trav\u00e9s del Sitio Web sin la previa autorizaci\u00f3n de sus padres, tutores o representantes legales, quienes ser\u00e1n los \u00fanicos responsables de todos los actos realizados a trav\u00e9s del Sitio Web por los menores a su cargo, incluyendo la cumplimentaci\u00f3n de los formularios con los datos personales de dichos menores y la marcaci\u00f3n, en su caso, de las casillas que los acompa\u00f1an. En ANTONIO MANUEL HITA P\u00c9REZ no nos responsabilizamos de la veracidad y exactitud de los datos que cumplimente.<\/p><p>El tratamiento de los datos personales de un menor de edad \u00fanicamente podr\u00e1 fundarse en su consentimiento cuando sea mayor de catorce a\u00f1os.<\/p><p>Se except\u00faan los supuestos en que la ley exija la asistencia de los titulares de la patria potestad o tutela para la celebraci\u00f3n del acto o negocio jur\u00eddico en cuyo contexto se recaba el consentimiento para el tratamiento.<br \/><br \/>El tratamiento de los datos de los menores de catorce a\u00f1os, fundado en el consentimiento, solo ser\u00e1 l\u00edcito si consta el del titular de la patria potestad o tutela, con el alcance que determinen los titulares de la patria potestad o tutela.<\/p><h2>8. DURACI\u00d3N Y MODIFICACI\u00d3N DE LA POL\u00cdTICA DE PRIVACIDAD<\/h2><p>El Prestador se reserva el derecho a modificar la presente Pol\u00edtica de Privacidad, total o parcialmente, publicando los cambios en el Sitio Web. Asimismo, se podr\u00e1 cambiar, suprimir o a\u00f1adir, sin previo aviso, tanto los contenidos y servicios prestados, as\u00ed como la forma en la que estos aparezcan presentados. En consecuencia, se entender\u00e1n como vigentes, las Pol\u00edticas que est\u00e9n publicadas en el momento en el que acceda por lo que deber\u00e1 leerlo peri\u00f3dicamente.<\/p><p>Con independencia de lo dispuesto, se podr\u00e1 dar por terminado, suspender o interrumpir, en cualquier momento sin necesidad de preaviso, el acceso a los contenidos del Sitio Web, sin posibilidad por parte del Usuario de exigir indemnizaci\u00f3n alguna.<\/p>\t\t\t\t\t\t\t\t<\/div>\n\t\t\t\t<\/div>\n\t\t\t\t<div class=\"elementor-element elementor-element-edd7fd7 elementor-widget elementor-widget-spacer\" data-id=\"edd7fd7\" data-element_type=\"widget\" data-e-type=\"widget\" data-widget_type=\"spacer.default\">\n\t\t\t\t<div class=\"elementor-widget-container\">\n\t\t\t\t\t\t\t<div class=\"elementor-spacer\">\n\t\t\t<div class=\"elementor-spacer-inner\"><\/div>\n\t\t<\/div>\n\t\t\t\t\t\t<\/div>\n\t\t\t\t<\/div>\n\t\t\t\t\t<\/div>\n\t\t\t\t<\/div>\n\t\t\t\t<\/div>","protected":false},"excerpt":{"rendered":"<p>Pol\u00edtica de privacidad Con esta pol\u00edtica de privacidad le informamos del tratamiento que hacemos de los datos personales que facilite o vaya a facilitar en su navegaci\u00f3n, para el caso de que contin\u00fae navegando. As\u00ed mismo, recoge nuestra pol\u00edtica de protecci\u00f3n de datos, para los casos en que se haga una remisi\u00f3n expresa a la [&hellip;]<\/p>\n","protected":false},"author":1,"featured_media":0,"parent":0,"menu_order":0,"comment_status":"closed","ping_status":"closed","template":"elementor_header_footer","meta":{"footnotes":""},"class_list":["post-297","page","type-page","status-publish","hentry"],"yoast_head":"<!-- This site is optimized with the Yoast SEO plugin v27.4 - https:\/\/yoast.com\/product\/yoast-seo-wordpress\/ -->\n<title>Pol\u00edtica de privacidad - clinicaantoniohita.es<\/title>\n<meta name=\"robots\" content=\"noindex, follow\" \/>\n<meta property=\"og:locale\" content=\"en_GB\" \/>\n<meta property=\"og:type\" content=\"article\" \/>\n<meta property=\"og:title\" content=\"Pol\u00edtica de privacidad - clinicaantoniohita.es\" \/>\n<meta property=\"og:description\" content=\"Pol\u00edtica de privacidad Con esta pol\u00edtica de privacidad le informamos del tratamiento que hacemos de los datos personales que facilite o vaya a facilitar en su navegaci\u00f3n, para el caso de que contin\u00fae navegando. As\u00ed mismo, recoge nuestra pol\u00edtica de protecci\u00f3n de datos, para los casos en que se haga una remisi\u00f3n expresa a la [&hellip;]\" \/>\n<meta property=\"og:url\" content=\"https:\/\/clinicaantoniohita.es\/en\/politica-de-privacidad\/\" \/>\n<meta property=\"og:site_name\" content=\"clinicaantoniohita.es\" \/>\n<meta property=\"article:publisher\" content=\"httpss:\/\/www.facebook.com\/ClinicaAntonioHita\/\" \/>\n<meta property=\"article:modified_time\" content=\"2024-02-22T15:53:44+00:00\" \/>\n<meta name=\"twitter:card\" content=\"summary_large_image\" \/>\n<meta name=\"twitter:label1\" content=\"Estimated reading time\" \/>\n\t<meta name=\"twitter:data1\" content=\"7 minutes\" \/>\n<script type=\"application\/ld+json\" class=\"yoast-schema-graph\">{\"@context\":\"https:\\\/\\\/schema.org\",\"@graph\":[{\"@type\":\"WebPage\",\"@id\":\"https:\\\/\\\/clinicaantoniohita.es\\\/politica-de-privacidad\\\/\",\"url\":\"https:\\\/\\\/clinicaantoniohita.es\\\/politica-de-privacidad\\\/\",\"name\":\"Pol\u00edtica de privacidad - clinicaantoniohita.es\",\"isPartOf\":{\"@id\":\"https:\\\/\\\/clinicaantoniohita.es\\\/#website\"},\"datePublished\":\"2024-02-22T15:38:08+00:00\",\"dateModified\":\"2024-02-22T15:53:44+00:00\",\"breadcrumb\":{\"@id\":\"https:\\\/\\\/clinicaantoniohita.es\\\/politica-de-privacidad\\\/#breadcrumb\"},\"inLanguage\":\"en-GB\",\"potentialAction\":[{\"@type\":\"ReadAction\",\"target\":[\"https:\\\/\\\/clinicaantoniohita.es\\\/politica-de-privacidad\\\/\"]}]},{\"@type\":\"BreadcrumbList\",\"@id\":\"https:\\\/\\\/clinicaantoniohita.es\\\/politica-de-privacidad\\\/#breadcrumb\",\"itemListElement\":[{\"@type\":\"ListItem\",\"position\":1,\"name\":\"Inicio\",\"item\":\"https:\\\/\\\/clinicaantoniohita.es\\\/\"},{\"@type\":\"ListItem\",\"position\":2,\"name\":\"Pol\u00edtica de privacidad\"}]},{\"@type\":\"WebSite\",\"@id\":\"https:\\\/\\\/clinicaantoniohita.es\\\/#website\",\"url\":\"https:\\\/\\\/clinicaantoniohita.es\\\/\",\"name\":\"clinicaantoniohita.es\",\"description\":\"Centro de fisioterapia y entrenamiento\",\"publisher\":{\"@id\":\"https:\\\/\\\/clinicaantoniohita.es\\\/#organization\"},\"potentialAction\":[{\"@type\":\"SearchAction\",\"target\":{\"@type\":\"EntryPoint\",\"urlTemplate\":\"https:\\\/\\\/clinicaantoniohita.es\\\/?s={search_term_string}\"},\"query-input\":{\"@type\":\"PropertyValueSpecification\",\"valueRequired\":true,\"valueName\":\"search_term_string\"}}],\"inLanguage\":\"en-GB\"},{\"@type\":\"Organization\",\"@id\":\"https:\\\/\\\/clinicaantoniohita.es\\\/#organization\",\"name\":\"clinicaantoniohita.es\",\"url\":\"https:\\\/\\\/clinicaantoniohita.es\\\/\",\"logo\":{\"@type\":\"ImageObject\",\"inLanguage\":\"en-GB\",\"@id\":\"https:\\\/\\\/clinicaantoniohita.es\\\/#\\\/schema\\\/logo\\\/image\\\/\",\"url\":\"https:\\\/\\\/clinicaantoniohita.es\\\/wp-content\\\/uploads\\\/2024\\\/02\\\/favicon-clinica-antonio-hita.png\",\"contentUrl\":\"https:\\\/\\\/clinicaantoniohita.es\\\/wp-content\\\/uploads\\\/2024\\\/02\\\/favicon-clinica-antonio-hita.png\",\"width\":600,\"height\":600,\"caption\":\"clinicaantoniohita.es\"},\"image\":{\"@id\":\"https:\\\/\\\/clinicaantoniohita.es\\\/#\\\/schema\\\/logo\\\/image\\\/\"},\"sameAs\":[\"httpss:\\\/\\\/www.facebook.com\\\/ClinicaAntonioHita\\\/\",\"httpss:\\\/\\\/www.instagram.com\\\/clinicaantoniohita\\\/\"]}]}<\/script>\n<!-- \/ Yoast SEO plugin. -->","yoast_head_json":{"title":"Pol\u00edtica de privacidad - clinicaantoniohita.es","robots":{"index":"noindex","follow":"follow"},"og_locale":"en_GB","og_type":"article","og_title":"Pol\u00edtica de privacidad - clinicaantoniohita.es","og_description":"Pol\u00edtica de privacidad Con esta pol\u00edtica de privacidad le informamos del tratamiento que hacemos de los datos personales que facilite o vaya a facilitar en su navegaci\u00f3n, para el caso de que contin\u00fae navegando. As\u00ed mismo, recoge nuestra pol\u00edtica de protecci\u00f3n de datos, para los casos en que se haga una remisi\u00f3n expresa a la [&hellip;]","og_url":"https:\/\/clinicaantoniohita.es\/en\/politica-de-privacidad\/","og_site_name":"clinicaantoniohita.es","article_publisher":"httpss:\/\/www.facebook.com\/ClinicaAntonioHita\/","article_modified_time":"2024-02-22T15:53:44+00:00","twitter_card":"summary_large_image","twitter_misc":{"Estimated reading time":"7 minutes"},"schema":{"@context":"https:\/\/schema.org","@graph":[{"@type":"WebPage","@id":"https:\/\/clinicaantoniohita.es\/politica-de-privacidad\/","url":"https:\/\/clinicaantoniohita.es\/politica-de-privacidad\/","name":"Pol\u00edtica de privacidad - clinicaantoniohita.es","isPartOf":{"@id":"https:\/\/clinicaantoniohita.es\/#website"},"datePublished":"2024-02-22T15:38:08+00:00","dateModified":"2024-02-22T15:53:44+00:00","breadcrumb":{"@id":"https:\/\/clinicaantoniohita.es\/politica-de-privacidad\/#breadcrumb"},"inLanguage":"en-GB","potentialAction":[{"@type":"ReadAction","target":["https:\/\/clinicaantoniohita.es\/politica-de-privacidad\/"]}]},{"@type":"BreadcrumbList","@id":"https:\/\/clinicaantoniohita.es\/politica-de-privacidad\/#breadcrumb","itemListElement":[{"@type":"ListItem","position":1,"name":"Inicio","item":"https:\/\/clinicaantoniohita.es\/"},{"@type":"ListItem","position":2,"name":"Pol\u00edtica de privacidad"}]},{"@type":"WebSite","@id":"https:\/\/clinicaantoniohita.es\/#website","url":"https:\/\/clinicaantoniohita.es\/","name":"clinicaantoniohita.es","description":"Centro de fisioterapia y entrenamiento","publisher":{"@id":"https:\/\/clinicaantoniohita.es\/#organization"},"potentialAction":[{"@type":"SearchAction","target":{"@type":"EntryPoint","urlTemplate":"https:\/\/clinicaantoniohita.es\/?s={search_term_string}"},"query-input":{"@type":"PropertyValueSpecification","valueRequired":true,"valueName":"search_term_string"}}],"inLanguage":"en-GB"},{"@type":"Organization","@id":"https:\/\/clinicaantoniohita.es\/#organization","name":"clinicaantoniohita.es","url":"https:\/\/clinicaantoniohita.es\/","logo":{"@type":"ImageObject","inLanguage":"en-GB","@id":"https:\/\/clinicaantoniohita.es\/#\/schema\/logo\/image\/","url":"https:\/\/clinicaantoniohita.es\/wp-content\/uploads\/2024\/02\/favicon-clinica-antonio-hita.png","contentUrl":"https:\/\/clinicaantoniohita.es\/wp-content\/uploads\/2024\/02\/favicon-clinica-antonio-hita.png","width":600,"height":600,"caption":"clinicaantoniohita.es"},"image":{"@id":"https:\/\/clinicaantoniohita.es\/#\/schema\/logo\/image\/"},"sameAs":["httpss:\/\/www.facebook.com\/ClinicaAntonioHita\/","httpss:\/\/www.instagram.com\/clinicaantoniohita\/"]}]}},"_links":{"self":[{"href":"https:\/\/clinicaantoniohita.es\/en\/wp-json\/wp\/v2\/pages\/297","targetHints":{"allow":["GET"]}}],"collection":[{"href":"https:\/\/clinicaantoniohita.es\/en\/wp-json\/wp\/v2\/pages"}],"about":[{"href":"https:\/\/clinicaantoniohita.es\/en\/wp-json\/wp\/v2\/types\/page"}],"author":[{"embeddable":true,"href":"https:\/\/clinicaantoniohita.es\/en\/wp-json\/wp\/v2\/users\/1"}],"replies":[{"embeddable":true,"href":"https:\/\/clinicaantoniohita.es\/en\/wp-json\/wp\/v2\/comments?post=297"}],"version-history":[{"count":14,"href":"https:\/\/clinicaantoniohita.es\/en\/wp-json\/wp\/v2\/pages\/297\/revisions"}],"predecessor-version":[{"id":318,"href":"https:\/\/clinicaantoniohita.es\/en\/wp-json\/wp\/v2\/pages\/297\/revisions\/318"}],"wp:attachment":[{"href":"https:\/\/clinicaantoniohita.es\/en\/wp-json\/wp\/v2\/media?parent=297"}],"curies":[{"name":"wp","href":"https:\/\/api.w.org\/{rel}","templated":true}]}}