{"id":1884,"date":"2025-02-14T12:10:47","date_gmt":"2025-02-14T11:10:47","guid":{"rendered":"https:\/\/clinicaantoniohita.es\/?page_id=1884"},"modified":"2025-04-25T12:34:20","modified_gmt":"2025-04-25T10:34:20","slug":"ejercicios-suelo-pelvico","status":"publish","type":"page","link":"https:\/\/clinicaantoniohita.es\/en\/ejercicios-suelo-pelvico\/","title":{"rendered":"Ejercicios de suelo p\u00e9lvico"},"content":{"rendered":"\t\t<div data-elementor-type=\"wp-page\" data-elementor-id=\"1884\" class=\"elementor elementor-1884\" data-elementor-post-type=\"page\">\n\t\t\t\t<div class=\"elementor-element elementor-element-5c4496d e-flex e-con-boxed e-con e-parent\" data-id=\"5c4496d\" data-element_type=\"container\" data-e-type=\"container\" data-settings=\"{&quot;background_background&quot;:&quot;classic&quot;}\">\n\t\t\t\t\t<div class=\"e-con-inner\">\n\t\t<div class=\"elementor-element elementor-element-3fb0599 e-con-full e-flex e-con e-child\" data-id=\"3fb0599\" data-element_type=\"container\" data-e-type=\"container\">\n\t\t\t\t<div class=\"elementor-element elementor-element-64922b3 elementor-widget__width-initial elementor-widget elementor-widget-heading\" data-id=\"64922b3\" data-element_type=\"widget\" data-e-type=\"widget\" data-widget_type=\"heading.default\">\n\t\t\t\t<div class=\"elementor-widget-container\">\n\t\t\t\t\t<h1 class=\"elementor-heading-title elementor-size-default\">Fortalece tu suelo p\u00e9lvico \ncon esta gu\u00eda gratuita de ejercicios<\/h1>\t\t\t\t<\/div>\n\t\t\t\t<\/div>\n\t\t\t\t<div class=\"elementor-element elementor-element-db6c550 elementor-widget elementor-widget-heading\" data-id=\"db6c550\" data-element_type=\"widget\" data-e-type=\"widget\" data-widget_type=\"heading.default\">\n\t\t\t\t<div class=\"elementor-widget-container\">\n\t\t\t\t\t<h2 class=\"elementor-heading-title elementor-size-default\">Tu bienestar empieza hoy, mejora tu suelo p\u00e9lvico en casa o con nuestro equipo de expertos en Granada<\/h2>\t\t\t\t<\/div>\n\t\t\t\t<\/div>\n\t\t\t\t<\/div>\n\t\t<div class=\"elementor-element elementor-element-1460733 e-con-full e-flex e-con e-child\" data-id=\"1460733\" data-element_type=\"container\" data-e-type=\"container\">\n\t\t\t\t<div class=\"elementor-element elementor-element-6f0c559 elementor-widget elementor-widget-text-editor\" data-id=\"6f0c559\" data-element_type=\"widget\" data-e-type=\"widget\" data-widget_type=\"text-editor.default\">\n\t\t\t\t<div class=\"elementor-widget-container\">\n\t\t\t\t\t\t\t\t\t<p><strong>Rellena el formulario y da el primer paso hacia tu bienestar con ejercicios en casa<\/strong><\/p>\t\t\t\t\t\t\t\t<\/div>\n\t\t\t\t<\/div>\n\t\t\t\t<div class=\"elementor-element elementor-element-658d2d2 elementor-widget__width-inherit elementor-widget elementor-widget-wp-widget-mailpoet_form\" data-id=\"658d2d2\" data-element_type=\"widget\" data-e-type=\"widget\" data-widget_type=\"wp-widget-mailpoet_form.default\">\n\t\t\t\t<div class=\"elementor-widget-container\">\n\t\t\t\t\t  \n  \n  <div class=\"\n    mailpoet_form_popup_overlay\n      \"><\/div>\n  <div\n    id=\"mailpoet_form_1\"\n    class=\"\n      mailpoet_form\n      mailpoet_form_widget\n      mailpoet_form_position_\n      mailpoet_form_animation_\n    \"\n      >\n\n    <style type=\"text\/css\">\n     #mailpoet_form_1 .mailpoet_form {  }\n#mailpoet_form_1 .mailpoet_column_with_background { padding: 10px; }\n#mailpoet_form_1 .mailpoet_form_column:not(:first-child) { margin-left: 20px; }\n#mailpoet_form_1 .mailpoet_paragraph { line-height: 20px; margin-bottom: 20px; }\n#mailpoet_form_1 .mailpoet_segment_label, #mailpoet_form_1 .mailpoet_text_label, #mailpoet_form_1 .mailpoet_textarea_label, #mailpoet_form_1 .mailpoet_select_label, #mailpoet_form_1 .mailpoet_radio_label, #mailpoet_form_1 .mailpoet_checkbox_label, #mailpoet_form_1 .mailpoet_list_label, #mailpoet_form_1 .mailpoet_date_label { display: block; font-weight: normal; }\n#mailpoet_form_1 .mailpoet_text, #mailpoet_form_1 .mailpoet_textarea, #mailpoet_form_1 .mailpoet_select, #mailpoet_form_1 .mailpoet_date_month, #mailpoet_form_1 .mailpoet_date_day, #mailpoet_form_1 .mailpoet_date_year, #mailpoet_form_1 .mailpoet_date { display: block; }\n#mailpoet_form_1 .mailpoet_text, #mailpoet_form_1 .mailpoet_textarea { width: 200px; }\n#mailpoet_form_1 .mailpoet_checkbox {  }\n#mailpoet_form_1 .mailpoet_submit {  }\n#mailpoet_form_1 .mailpoet_divider {  }\n#mailpoet_form_1 .mailpoet_message {  }\n#mailpoet_form_1 .mailpoet_form_loading { width: 30px; text-align: center; line-height: normal; }\n#mailpoet_form_1 .mailpoet_form_loading > span { width: 5px; height: 5px; background-color: #5b5b5b; }#mailpoet_form_1{border-radius: 0px;text-align: left;}#mailpoet_form_1 form.mailpoet_form {padding: 20px;}#mailpoet_form_1{width: 100%;}#mailpoet_form_1 .mailpoet_message {margin: 0; padding: 0 20px;}#mailpoet_form_1 .mailpoet_paragraph.last {margin-bottom: 0} @media (max-width: 500px) {#mailpoet_form_1 {background-image: none;}} @media (min-width: 500px) {#mailpoet_form_1 .last .mailpoet_paragraph:last-child {margin-bottom: 0}}  @media (max-width: 500px) {#mailpoet_form_1 .mailpoet_form_column:last-child .mailpoet_paragraph:last-child {margin-bottom: 0}} \n    <\/style>\n\n    <form\n      target=\"_self\"\n      method=\"post\"\n      action=\"https:\/\/clinicaantoniohita.es\/wp-admin\/admin-post.php?action=mailpoet_subscription_form\"\n      class=\"mailpoet_form mailpoet_form_form mailpoet_form_widget\"\n      novalidate\n      data-delay=\"\"\n      data-exit-intent-enabled=\"\"\n      data-trigger-mode=\"\"\n      data-click-trigger-selector=\"\"\n      data-font-family=\"\"\n      data-cookie-expiration-time=\"\"\n    >\n      <input type=\"hidden\" name=\"data[form_id]\" value=\"1\" \/>\n      <input type=\"hidden\" name=\"token\" value=\"a1b0371051\" \/>\n      <input type=\"hidden\" name=\"api_version\" value=\"v1\" \/>\n      <input type=\"hidden\" name=\"endpoint\" value=\"subscribers\" \/>\n      <input type=\"hidden\" name=\"mailpoet_method\" value=\"subscribe\" \/>\n\n      <label class=\"mailpoet_hp_email_label\" style=\"display: none !important;\">Please leave this field empty<input type=\"email\" name=\"data[email]\"\/><\/label><div class=\"mailpoet_paragraph f\"><style>input[name=\"data[form_field_Yjk1YWE3NDU2OTY4X2ZpcnN0X25hbWU=]\"]::placeholder{color:#9b9b9b;opacity: 1;}<\/style><input type=\"text\" autocomplete=\"given-name\" class=\"mailpoet_text\" id=\"form_first_name_1\" name=\"data[form_field_Yjk1YWE3NDU2OTY4X2ZpcnN0X25hbWU=]\" title=\"Nombre y apellidos\" value=\"\" style=\"width:100%;box-sizing:border-box;background-color:#ffffff;border-style:solid;border-radius:13px !important;border-width:8px;border-color:#ffffff;padding:5px;margin: 0 auto 0 0;color:#9b9b9b;\" data-automation-id=\"form_first_name\"  placeholder=\"Nombre y apellidos *\" aria-label=\"Nombre y apellidos *\" data-parsley-errors-container=\".mailpoet_error_1kgp5\" data-parsley-names='[&quot;Please specify a valid name.&quot;,&quot;Addresses in names are not permitted, please add your name instead.&quot;]' data-parsley-required=\"true\" required aria-required=\"true\" data-parsley-required-message=\"This field is required.\"\/><span class=\"mailpoet_error_1kgp5\"><\/span><\/div>\n<div class=\"mailpoet_paragraph inputformulariomailpoet\"><style>input[name=\"data[form_field_YWVkNjcwNWEyZmNjX2VtYWls]\"]::placeholder{color:#9b9b9b;opacity: 1;}<\/style><input type=\"email\" autocomplete=\"email\" class=\"mailpoet_text\" id=\"form_email_1\" name=\"data[form_field_YWVkNjcwNWEyZmNjX2VtYWls]\" title=\"Direcci\u00f3n de correo electr\u00f3nico\" value=\"\" style=\"width:100%;box-sizing:border-box;background-color:#ffffff;border-style:solid;border-radius:13px !important;border-width:8px;border-color:#ffffff;padding:5px;margin: 0 auto 0 0;color:#9b9b9b;\" data-automation-id=\"form_email\"  placeholder=\"Direcci\u00f3n de correo electr\u00f3nico *\" aria-label=\"Direcci\u00f3n de correo electr\u00f3nico *\" data-parsley-errors-container=\".mailpoet_error_12v55\" data-parsley-required=\"true\" required aria-required=\"true\" data-parsley-minlength=\"6\" data-parsley-maxlength=\"150\" data-parsley-type-message=\"This value should be a valid email.\" data-parsley-required-message=\"This field is required.\"\/><span class=\"mailpoet_error_12v55\"><\/span><\/div>\n<div class=\"mailpoet_recaptcha\" data-sitekey=\"6LcNZtcqAAAAAFY1wxJwY1nxtWQNSqM-asbzA-Vh\" data-size=\"invisible\">\n      <div class=\"mailpoet_recaptcha_container\"><\/div>\n      <noscript>\n        <div>\n          <div class=\"mailpoet_recaptcha_noscript_container\">\n            <div>\n              <iframe src=\"https:\/\/www.google.com\/recaptcha\/api\/fallback?k=6LcNZtcqAAAAAFY1wxJwY1nxtWQNSqM-asbzA-Vh\" frameborder=\"0\" scrolling=\"no\">\n              <\/iframe>\n            <\/div>\n          <\/div>\n          <div class=\"mailpoet_recaptcha_noscript_input\">\n            <textarea id=\"g-recaptcha-response\" name=\"data[recaptcha]\" class=\"g-recaptcha-response\">\n            <\/textarea>\n          <\/div>\n        <\/div>\n      <\/noscript>\n      <input class=\"mailpoet_recaptcha_field\" type=\"hidden\" name=\"recaptchaWidgetId\">\n    <\/div><div class=\"mailpoet_paragraph botonformulariomailpoet\"><input type=\"submit\" class=\"mailpoet_submit\" value=\"Recibe el PDF\" data-automation-id=\"subscribe-submit-button\" style=\"width:100%;box-sizing:border-box;background-color:#000000;border-style:solid;border-radius:40px !important;border-width:9px;border-color:#000000;padding:5px;margin: 0 auto 0 0;font-size:NaN;line-height:1.5;height:auto;color:#ffffff;\" \/><span class=\"mailpoet_form_loading\"><span class=\"mailpoet_bounce1\"><\/span><span class=\"mailpoet_bounce2\"><\/span><span class=\"mailpoet_bounce3\"><\/span><\/span><\/div>\n\n      <div class=\"mailpoet_message\">\n        <p class=\"mailpoet_validate_success\"\n                style=\"display:none;\"\n                >Revisa tu bandeja de entrada o la carpeta de spam para confirmar tu suscripci\u00f3n.\n        <\/p>\n        <p class=\"mailpoet_validate_error\"\n                style=\"display:none;\"\n                >        <\/p>\n      <\/div>\n    <\/form>\n\n      <\/div>\n\n  \t\t\t\t<\/div>\n\t\t\t\t<\/div>\n\t\t\t\t<div class=\"elementor-element elementor-element-6f45f87 elementor-widget elementor-widget-text-editor\" data-id=\"6f45f87\" data-element_type=\"widget\" data-e-type=\"widget\" data-widget_type=\"text-editor.default\">\n\t\t\t\t<div class=\"elementor-widget-container\">\n\t\t\t\t\t\t\t\t\t<p>\u00a1Perm\u00edtenos ser parte de tu proceso de recuperaci\u00f3n!<\/p>\t\t\t\t\t\t\t\t<\/div>\n\t\t\t\t<\/div>\n\t\t\t\t<div class=\"elementor-element elementor-element-e44aa51 elementor-widget elementor-widget-text-editor\" data-id=\"e44aa51\" data-element_type=\"widget\" data-e-type=\"widget\" data-widget_type=\"text-editor.default\">\n\t\t\t\t<div class=\"elementor-widget-container\">\n\t\t\t\t\t\t\t\t\t<p><strong>Fortalecer tu suelo p\u00e9lvico es posible y est\u00e1 en tus manos<\/strong>, <br \/>si a\u00fan no sabes c\u00f3mo empezar, esta gu\u00eda gratuita te dar\u00e1 las herramientas necesarias.<\/p><p>Esta gu\u00eda te ense\u00f1ar\u00e1 ejercicios efectivos para realizar en casa, <strong>en solo 15 minutos al d\u00eda<\/strong>,<br \/>podr\u00e1s mejorar la salud de tu suelo p\u00e9lvico y ganar bienestar.<\/p><p><strong>Descarga ahora la gu\u00eda gratuita con ejercicios dise\u00f1ados por expertos.<\/strong><br \/><strong>Rellena el formulario y recibe el PDF directamente en tu correo.<\/strong> \ud83d\udce5<\/p>\t\t\t\t\t\t\t\t<\/div>\n\t\t\t\t<\/div>\n\t\t\t\t<\/div>\n\t\t\t\t\t<\/div>\n\t\t\t\t<\/div>\n\t\t\t\t<\/div>\n\t\t","protected":false},"excerpt":{"rendered":"<p>Fortalece tu suelo p\u00e9lvico con esta gu\u00eda gratuita de ejercicios Tu bienestar empieza hoy, mejora tu suelo p\u00e9lvico en casa o con nuestro equipo de expertos en Granada Rellena el formulario y da el primer paso hacia tu bienestar con ejercicios en casa \u00a1Perm\u00edtenos ser parte de tu proceso de recuperaci\u00f3n! Fortalecer tu suelo p\u00e9lvico [&hellip;]<\/p>\n","protected":false},"author":1,"featured_media":0,"parent":0,"menu_order":0,"comment_status":"closed","ping_status":"closed","template":"elementor_header_footer","meta":{"footnotes":""},"class_list":["post-1884","page","type-page","status-publish","hentry"],"yoast_head":"<!-- This site is optimized with the Yoast SEO plugin v27.5 - https:\/\/yoast.com\/product\/yoast-seo-wordpress\/ -->\n<title>Ejercicios de suelo p\u00e9lvico - clinicaantoniohita.es<\/title>\n<meta name=\"description\" content=\"Entrenamiento y fisioterapia del suelo p\u00e9lvico en Granada. Previene incontinencia, mejora el bienestar \u00edntimo y la recuperaci\u00f3n postparto.\" \/>\n<meta name=\"robots\" content=\"index, follow, max-snippet:-1, max-image-preview:large, max-video-preview:-1\" \/>\n<link rel=\"canonical\" href=\"https:\/\/clinicaantoniohita.es\/en\/ejercicios-suelo-pelvico\/\" \/>\n<meta property=\"og:locale\" content=\"en_GB\" \/>\n<meta property=\"og:type\" content=\"article\" \/>\n<meta property=\"og:title\" content=\"Ejercicios de suelo p\u00e9lvico - clinicaantoniohita.es\" \/>\n<meta property=\"og:description\" content=\"Entrenamiento y fisioterapia del suelo p\u00e9lvico en Granada. Previene incontinencia, mejora el bienestar \u00edntimo y la recuperaci\u00f3n postparto.\" \/>\n<meta property=\"og:url\" content=\"https:\/\/clinicaantoniohita.es\/en\/ejercicios-suelo-pelvico\/\" \/>\n<meta property=\"og:site_name\" content=\"clinicaantoniohita.es\" \/>\n<meta property=\"article:publisher\" content=\"httpss:\/\/www.facebook.com\/ClinicaAntonioHita\/\" \/>\n<meta property=\"article:modified_time\" content=\"2025-04-25T10:34:20+00:00\" \/>\n<meta name=\"twitter:card\" content=\"summary_large_image\" \/>\n<meta name=\"twitter:label1\" content=\"Estimated reading time\" \/>\n\t<meta name=\"twitter:data1\" content=\"1 minute\" \/>\n<script type=\"application\/ld+json\" class=\"yoast-schema-graph\">{\"@context\":\"https:\\\/\\\/schema.org\",\"@graph\":[{\"@type\":\"WebPage\",\"@id\":\"https:\\\/\\\/clinicaantoniohita.es\\\/ejercicios-suelo-pelvico\\\/\",\"url\":\"https:\\\/\\\/clinicaantoniohita.es\\\/ejercicios-suelo-pelvico\\\/\",\"name\":\"Ejercicios de suelo p\u00e9lvico - clinicaantoniohita.es\",\"isPartOf\":{\"@id\":\"https:\\\/\\\/clinicaantoniohita.es\\\/#website\"},\"datePublished\":\"2025-02-14T11:10:47+00:00\",\"dateModified\":\"2025-04-25T10:34:20+00:00\",\"description\":\"Entrenamiento y fisioterapia del suelo p\u00e9lvico en Granada. Previene incontinencia, mejora el bienestar \u00edntimo y la recuperaci\u00f3n postparto.\",\"breadcrumb\":{\"@id\":\"https:\\\/\\\/clinicaantoniohita.es\\\/ejercicios-suelo-pelvico\\\/#breadcrumb\"},\"inLanguage\":\"en-GB\",\"potentialAction\":[{\"@type\":\"ReadAction\",\"target\":[\"https:\\\/\\\/clinicaantoniohita.es\\\/ejercicios-suelo-pelvico\\\/\"]}]},{\"@type\":\"BreadcrumbList\",\"@id\":\"https:\\\/\\\/clinicaantoniohita.es\\\/ejercicios-suelo-pelvico\\\/#breadcrumb\",\"itemListElement\":[{\"@type\":\"ListItem\",\"position\":1,\"name\":\"Inicio\",\"item\":\"https:\\\/\\\/clinicaantoniohita.es\\\/\"},{\"@type\":\"ListItem\",\"position\":2,\"name\":\"Ejercicios de suelo p\u00e9lvico\"}]},{\"@type\":\"WebSite\",\"@id\":\"https:\\\/\\\/clinicaantoniohita.es\\\/#website\",\"url\":\"https:\\\/\\\/clinicaantoniohita.es\\\/\",\"name\":\"clinicaantoniohita.es\",\"description\":\"Centro de fisioterapia y entrenamiento\",\"publisher\":{\"@id\":\"https:\\\/\\\/clinicaantoniohita.es\\\/#organization\"},\"potentialAction\":[{\"@type\":\"SearchAction\",\"target\":{\"@type\":\"EntryPoint\",\"urlTemplate\":\"https:\\\/\\\/clinicaantoniohita.es\\\/?s={search_term_string}\"},\"query-input\":{\"@type\":\"PropertyValueSpecification\",\"valueRequired\":true,\"valueName\":\"search_term_string\"}}],\"inLanguage\":\"en-GB\"},{\"@type\":\"Organization\",\"@id\":\"https:\\\/\\\/clinicaantoniohita.es\\\/#organization\",\"name\":\"clinicaantoniohita.es\",\"url\":\"https:\\\/\\\/clinicaantoniohita.es\\\/\",\"logo\":{\"@type\":\"ImageObject\",\"inLanguage\":\"en-GB\",\"@id\":\"https:\\\/\\\/clinicaantoniohita.es\\\/#\\\/schema\\\/logo\\\/image\\\/\",\"url\":\"https:\\\/\\\/clinicaantoniohita.es\\\/wp-content\\\/uploads\\\/2024\\\/02\\\/favicon-clinica-antonio-hita.png\",\"contentUrl\":\"https:\\\/\\\/clinicaantoniohita.es\\\/wp-content\\\/uploads\\\/2024\\\/02\\\/favicon-clinica-antonio-hita.png\",\"width\":600,\"height\":600,\"caption\":\"clinicaantoniohita.es\"},\"image\":{\"@id\":\"https:\\\/\\\/clinicaantoniohita.es\\\/#\\\/schema\\\/logo\\\/image\\\/\"},\"sameAs\":[\"httpss:\\\/\\\/www.facebook.com\\\/ClinicaAntonioHita\\\/\",\"httpss:\\\/\\\/www.instagram.com\\\/clinicaantoniohita\\\/\"]}]}<\/script>\n<!-- \/ Yoast SEO plugin. -->","yoast_head_json":{"title":"Ejercicios de suelo p\u00e9lvico - clinicaantoniohita.es","description":"Entrenamiento y fisioterapia del suelo p\u00e9lvico en Granada. Previene incontinencia, mejora el bienestar \u00edntimo y la recuperaci\u00f3n postparto.","robots":{"index":"index","follow":"follow","max-snippet":"max-snippet:-1","max-image-preview":"max-image-preview:large","max-video-preview":"max-video-preview:-1"},"canonical":"https:\/\/clinicaantoniohita.es\/en\/ejercicios-suelo-pelvico\/","og_locale":"en_GB","og_type":"article","og_title":"Ejercicios de suelo p\u00e9lvico - clinicaantoniohita.es","og_description":"Entrenamiento y fisioterapia del suelo p\u00e9lvico en Granada. Previene incontinencia, mejora el bienestar \u00edntimo y la recuperaci\u00f3n postparto.","og_url":"https:\/\/clinicaantoniohita.es\/en\/ejercicios-suelo-pelvico\/","og_site_name":"clinicaantoniohita.es","article_publisher":"httpss:\/\/www.facebook.com\/ClinicaAntonioHita\/","article_modified_time":"2025-04-25T10:34:20+00:00","twitter_card":"summary_large_image","twitter_misc":{"Estimated reading time":"1 minute"},"schema":{"@context":"https:\/\/schema.org","@graph":[{"@type":"WebPage","@id":"https:\/\/clinicaantoniohita.es\/ejercicios-suelo-pelvico\/","url":"https:\/\/clinicaantoniohita.es\/ejercicios-suelo-pelvico\/","name":"Ejercicios de suelo p\u00e9lvico - clinicaantoniohita.es","isPartOf":{"@id":"https:\/\/clinicaantoniohita.es\/#website"},"datePublished":"2025-02-14T11:10:47+00:00","dateModified":"2025-04-25T10:34:20+00:00","description":"Entrenamiento y fisioterapia del suelo p\u00e9lvico en Granada. Previene incontinencia, mejora el bienestar \u00edntimo y la recuperaci\u00f3n postparto.","breadcrumb":{"@id":"https:\/\/clinicaantoniohita.es\/ejercicios-suelo-pelvico\/#breadcrumb"},"inLanguage":"en-GB","potentialAction":[{"@type":"ReadAction","target":["https:\/\/clinicaantoniohita.es\/ejercicios-suelo-pelvico\/"]}]},{"@type":"BreadcrumbList","@id":"https:\/\/clinicaantoniohita.es\/ejercicios-suelo-pelvico\/#breadcrumb","itemListElement":[{"@type":"ListItem","position":1,"name":"Inicio","item":"https:\/\/clinicaantoniohita.es\/"},{"@type":"ListItem","position":2,"name":"Ejercicios de suelo p\u00e9lvico"}]},{"@type":"WebSite","@id":"https:\/\/clinicaantoniohita.es\/#website","url":"https:\/\/clinicaantoniohita.es\/","name":"clinicaantoniohita.es","description":"Centro de fisioterapia y entrenamiento","publisher":{"@id":"https:\/\/clinicaantoniohita.es\/#organization"},"potentialAction":[{"@type":"SearchAction","target":{"@type":"EntryPoint","urlTemplate":"https:\/\/clinicaantoniohita.es\/?s={search_term_string}"},"query-input":{"@type":"PropertyValueSpecification","valueRequired":true,"valueName":"search_term_string"}}],"inLanguage":"en-GB"},{"@type":"Organization","@id":"https:\/\/clinicaantoniohita.es\/#organization","name":"clinicaantoniohita.es","url":"https:\/\/clinicaantoniohita.es\/","logo":{"@type":"ImageObject","inLanguage":"en-GB","@id":"https:\/\/clinicaantoniohita.es\/#\/schema\/logo\/image\/","url":"https:\/\/clinicaantoniohita.es\/wp-content\/uploads\/2024\/02\/favicon-clinica-antonio-hita.png","contentUrl":"https:\/\/clinicaantoniohita.es\/wp-content\/uploads\/2024\/02\/favicon-clinica-antonio-hita.png","width":600,"height":600,"caption":"clinicaantoniohita.es"},"image":{"@id":"https:\/\/clinicaantoniohita.es\/#\/schema\/logo\/image\/"},"sameAs":["httpss:\/\/www.facebook.com\/ClinicaAntonioHita\/","httpss:\/\/www.instagram.com\/clinicaantoniohita\/"]}]}},"_links":{"self":[{"href":"https:\/\/clinicaantoniohita.es\/en\/wp-json\/wp\/v2\/pages\/1884","targetHints":{"allow":["GET"]}}],"collection":[{"href":"https:\/\/clinicaantoniohita.es\/en\/wp-json\/wp\/v2\/pages"}],"about":[{"href":"https:\/\/clinicaantoniohita.es\/en\/wp-json\/wp\/v2\/types\/page"}],"author":[{"embeddable":true,"href":"https:\/\/clinicaantoniohita.es\/en\/wp-json\/wp\/v2\/users\/1"}],"replies":[{"embeddable":true,"href":"https:\/\/clinicaantoniohita.es\/en\/wp-json\/wp\/v2\/comments?post=1884"}],"version-history":[{"count":78,"href":"https:\/\/clinicaantoniohita.es\/en\/wp-json\/wp\/v2\/pages\/1884\/revisions"}],"predecessor-version":[{"id":2455,"href":"https:\/\/clinicaantoniohita.es\/en\/wp-json\/wp\/v2\/pages\/1884\/revisions\/2455"}],"wp:attachment":[{"href":"https:\/\/clinicaantoniohita.es\/en\/wp-json\/wp\/v2\/media?parent=1884"}],"curies":[{"name":"wp","href":"https:\/\/api.w.org\/{rel}","templated":true}]}}